{"id":888,"date":"2023-07-13T07:33:37","date_gmt":"2023-07-13T05:33:37","guid":{"rendered":"https:\/\/www.universalgym.sk\/?post_type=product&#038;p=888"},"modified":"2024-11-28T07:28:53","modified_gmt":"2024-11-28T06:28:53","slug":"orky-shirt","status":"publish","type":"product","link":"https:\/\/www.universalgym.sk\/?product=orky-shirt","title":{"rendered":"Metju charger shirt"},"content":{"rendered":"<p>Limitovan\u00e1 ed\u00edcia 20 ks P\u00e1nske Bavlnen\u00e9 Tri\u010dko , in\u0161pirovan\u00e9 na\u0161im skvel\u00fdm klientom, ktor\u00fd u n\u00e1s pravidelne nab\u00edja seba, svoje muscle a rovnako aj svoj mobil. Bu\u010f nab\u00edja\u010d Universal Gymu aj ty !<\/p>\n<p>Kvalitn\u00e9 bavlnen\u00e9 tri\u010dko vhodn\u00e9 pre mu\u017eov aj \u017eeny s vy\u0161\u0161ou gram\u00e1\u017eou 200 g\/m<sup>2<\/sup>.&nbsp;Pre v\u00e4\u010d\u0161\u00ed komfort pri nosen\u00ed nem\u00e1 tri\u010dko po bokoch \u0161vy (tubul\u00e1rny strih), gu\u013eat\u00fd priekr\u010dn\u00edk je s pr\u00eddavkom 5 % elastanu a na ramen\u00e1ch je spev\u0148uj\u00faca p\u00e1ska.<\/p>\n","protected":false},"excerpt":{"rendered":"<p>P\u00e1nske biele Bavlnen\u00e9 Tri\u010dko s \u010derven\u00fdm n\u00e1pisom I&#8217;m Universal Gym a \u010derven\u00fdm logom. Kvalitn\u00e9 bavlnen\u00e9 tri\u010dko vhodn\u00e9 pre mu\u017eov aj \u017eeny s vy\u0161\u0161ou gram\u00e1\u017eou 200 g\/m<sup>2<\/sup>.\u00a0Pre v\u00e4\u010d\u0161\u00ed komfort pri nosen\u00ed nem\u00e1 tri\u010dko po bokoch \u0161vy (tubul\u00e1rny strih), gu\u013eat\u00fd priekr\u010dn\u00edk je s pr\u00eddavkom 5 % elastanu a na ramen\u00e1ch je spev\u0148uj\u00faca p\u00e1ska.<\/p>\n","protected":false},"featured_media":889,"comment_status":"open","ping_status":"closed","template":"","meta":{"_mi_skip_tracking":false},"product_cat":[18],"product_tag":[],"yoast_head":"<!-- This site is optimized with the Yoast SEO plugin v20.6 - https:\/\/yoast.com\/wordpress\/plugins\/seo\/ -->\n<title>Metju charger shirt - Universal gym - Fitko Ko\u0161ice<\/title>\n<meta name=\"robots\" content=\"index, follow, max-snippet:-1, max-image-preview:large, max-video-preview:-1\" \/>\n<link rel=\"canonical\" href=\"https:\/\/www.universalgym.sk\/?product=orky-shirt\" \/>\n<meta property=\"og:locale\" content=\"sk_SK\" \/>\n<meta property=\"og:type\" content=\"article\" \/>\n<meta property=\"og:title\" content=\"Metju charger shirt - Universal gym - Fitko Ko\u0161ice\" \/>\n<meta property=\"og:description\" content=\"P\u00e1nske biele Bavlnen\u00e9 Tri\u010dko s \u010derven\u00fdm n\u00e1pisom I&#8217;m Universal Gym a \u010derven\u00fdm logom. Kvalitn\u00e9 bavlnen\u00e9 tri\u010dko vhodn\u00e9 pre mu\u017eov aj \u017eeny s vy\u0161\u0161ou gram\u00e1\u017eou 200 g\/m2.\u00a0Pre v\u00e4\u010d\u0161\u00ed komfort pri nosen\u00ed nem\u00e1 tri\u010dko po bokoch \u0161vy (tubul\u00e1rny strih), gu\u013eat\u00fd priekr\u010dn\u00edk je s pr\u00eddavkom 5 % elastanu a na ramen\u00e1ch je spev\u0148uj\u00faca p\u00e1ska.\" \/>\n<meta property=\"og:url\" content=\"https:\/\/www.universalgym.sk\/?product=orky-shirt\" \/>\n<meta property=\"og:site_name\" content=\"Universal gym - Fitko Ko\u0161ice\" \/>\n<meta property=\"article:modified_time\" content=\"2024-11-28T06:28:53+00:00\" \/>\n<meta property=\"og:image\" content=\"https:\/\/www.universalgym.sk\/wp-content\/uploads\/2023\/07\/universal-tshirt-7.jpg\" \/>\n\t<meta property=\"og:image:width\" content=\"2000\" \/>\n\t<meta property=\"og:image:height\" content=\"2000\" \/>\n\t<meta property=\"og:image:type\" content=\"image\/jpeg\" \/>\n<meta name=\"twitter:card\" content=\"summary_large_image\" \/>\n<script type=\"application\/ld+json\" class=\"yoast-schema-graph\">{\"@context\":\"https:\/\/schema.org\",\"@graph\":[{\"@type\":\"WebPage\",\"@id\":\"https:\/\/www.universalgym.sk\/?product=orky-shirt\",\"url\":\"https:\/\/www.universalgym.sk\/?product=orky-shirt\",\"name\":\"Metju charger shirt - Universal gym - Fitko Ko\u0161ice\",\"isPartOf\":{\"@id\":\"https:\/\/www.universalgym.sk\/#website\"},\"datePublished\":\"2023-07-13T05:33:37+00:00\",\"dateModified\":\"2024-11-28T06:28:53+00:00\",\"breadcrumb\":{\"@id\":\"https:\/\/www.universalgym.sk\/?product=orky-shirt#breadcrumb\"},\"inLanguage\":\"sk-SK\",\"potentialAction\":[{\"@type\":\"ReadAction\",\"target\":[\"https:\/\/www.universalgym.sk\/?product=orky-shirt\"]}]},{\"@type\":\"BreadcrumbList\",\"@id\":\"https:\/\/www.universalgym.sk\/?product=orky-shirt#breadcrumb\",\"itemListElement\":[{\"@type\":\"ListItem\",\"position\":1,\"name\":\"Home\",\"item\":\"https:\/\/www.universalgym.sk\/\"},{\"@type\":\"ListItem\",\"position\":2,\"name\":\"Metju charger shirt\"}]},{\"@type\":\"WebSite\",\"@id\":\"https:\/\/www.universalgym.sk\/#website\",\"url\":\"https:\/\/www.universalgym.sk\/\",\"name\":\"Universal gym - Fitko Ko\u0161ice\",\"description\":\"Fitnes centrum Ko\u0161ice\",\"publisher\":{\"@id\":\"https:\/\/www.universalgym.sk\/#organization\"},\"potentialAction\":[{\"@type\":\"SearchAction\",\"target\":{\"@type\":\"EntryPoint\",\"urlTemplate\":\"https:\/\/www.universalgym.sk\/?s={search_term_string}\"},\"query-input\":\"required name=search_term_string\"}],\"inLanguage\":\"sk-SK\"},{\"@type\":\"Organization\",\"@id\":\"https:\/\/www.universalgym.sk\/#organization\",\"name\":\"Universal gym - Fitko Ko\u0161ice\",\"url\":\"https:\/\/www.universalgym.sk\/\",\"logo\":{\"@type\":\"ImageObject\",\"inLanguage\":\"sk-SK\",\"@id\":\"https:\/\/www.universalgym.sk\/#\/schema\/logo\/image\/\",\"url\":\"https:\/\/www.universalgym.sk\/wp-content\/uploads\/2023\/05\/unin-log.png\",\"contentUrl\":\"https:\/\/www.universalgym.sk\/wp-content\/uploads\/2023\/05\/unin-log.png\",\"width\":1200,\"height\":1200,\"caption\":\"Universal gym - Fitko Ko\u0161ice\"},\"image\":{\"@id\":\"https:\/\/www.universalgym.sk\/#\/schema\/logo\/image\/\"}}]}<\/script>\n<!-- \/ Yoast SEO plugin. -->","yoast_head_json":{"title":"Metju charger shirt - Universal gym - Fitko Ko\u0161ice","robots":{"index":"index","follow":"follow","max-snippet":"max-snippet:-1","max-image-preview":"max-image-preview:large","max-video-preview":"max-video-preview:-1"},"canonical":"https:\/\/www.universalgym.sk\/?product=orky-shirt","og_locale":"sk_SK","og_type":"article","og_title":"Metju charger shirt - Universal gym - Fitko Ko\u0161ice","og_description":"P\u00e1nske biele Bavlnen\u00e9 Tri\u010dko s \u010derven\u00fdm n\u00e1pisom I&#8217;m Universal Gym a \u010derven\u00fdm logom. Kvalitn\u00e9 bavlnen\u00e9 tri\u010dko vhodn\u00e9 pre mu\u017eov aj \u017eeny s vy\u0161\u0161ou gram\u00e1\u017eou 200 g\/m2.\u00a0Pre v\u00e4\u010d\u0161\u00ed komfort pri nosen\u00ed nem\u00e1 tri\u010dko po bokoch \u0161vy (tubul\u00e1rny strih), gu\u013eat\u00fd priekr\u010dn\u00edk je s pr\u00eddavkom 5 % elastanu a na ramen\u00e1ch je spev\u0148uj\u00faca p\u00e1ska.","og_url":"https:\/\/www.universalgym.sk\/?product=orky-shirt","og_site_name":"Universal gym - Fitko Ko\u0161ice","article_modified_time":"2024-11-28T06:28:53+00:00","og_image":[{"width":2000,"height":2000,"url":"https:\/\/www.universalgym.sk\/wp-content\/uploads\/2023\/07\/universal-tshirt-7.jpg","type":"image\/jpeg"}],"twitter_card":"summary_large_image","schema":{"@context":"https:\/\/schema.org","@graph":[{"@type":"WebPage","@id":"https:\/\/www.universalgym.sk\/?product=orky-shirt","url":"https:\/\/www.universalgym.sk\/?product=orky-shirt","name":"Metju charger shirt - Universal gym - Fitko Ko\u0161ice","isPartOf":{"@id":"https:\/\/www.universalgym.sk\/#website"},"datePublished":"2023-07-13T05:33:37+00:00","dateModified":"2024-11-28T06:28:53+00:00","breadcrumb":{"@id":"https:\/\/www.universalgym.sk\/?product=orky-shirt#breadcrumb"},"inLanguage":"sk-SK","potentialAction":[{"@type":"ReadAction","target":["https:\/\/www.universalgym.sk\/?product=orky-shirt"]}]},{"@type":"BreadcrumbList","@id":"https:\/\/www.universalgym.sk\/?product=orky-shirt#breadcrumb","itemListElement":[{"@type":"ListItem","position":1,"name":"Home","item":"https:\/\/www.universalgym.sk\/"},{"@type":"ListItem","position":2,"name":"Metju charger shirt"}]},{"@type":"WebSite","@id":"https:\/\/www.universalgym.sk\/#website","url":"https:\/\/www.universalgym.sk\/","name":"Universal gym - Fitko Ko\u0161ice","description":"Fitnes centrum Ko\u0161ice","publisher":{"@id":"https:\/\/www.universalgym.sk\/#organization"},"potentialAction":[{"@type":"SearchAction","target":{"@type":"EntryPoint","urlTemplate":"https:\/\/www.universalgym.sk\/?s={search_term_string}"},"query-input":"required name=search_term_string"}],"inLanguage":"sk-SK"},{"@type":"Organization","@id":"https:\/\/www.universalgym.sk\/#organization","name":"Universal gym - Fitko Ko\u0161ice","url":"https:\/\/www.universalgym.sk\/","logo":{"@type":"ImageObject","inLanguage":"sk-SK","@id":"https:\/\/www.universalgym.sk\/#\/schema\/logo\/image\/","url":"https:\/\/www.universalgym.sk\/wp-content\/uploads\/2023\/05\/unin-log.png","contentUrl":"https:\/\/www.universalgym.sk\/wp-content\/uploads\/2023\/05\/unin-log.png","width":1200,"height":1200,"caption":"Universal gym - Fitko Ko\u0161ice"},"image":{"@id":"https:\/\/www.universalgym.sk\/#\/schema\/logo\/image\/"}}]}},"_links":{"self":[{"href":"https:\/\/www.universalgym.sk\/index.php?rest_route=\/wp\/v2\/product\/888"}],"collection":[{"href":"https:\/\/www.universalgym.sk\/index.php?rest_route=\/wp\/v2\/product"}],"about":[{"href":"https:\/\/www.universalgym.sk\/index.php?rest_route=\/wp\/v2\/types\/product"}],"replies":[{"embeddable":true,"href":"https:\/\/www.universalgym.sk\/index.php?rest_route=%2Fwp%2Fv2%2Fcomments&post=888"}],"wp:featuredmedia":[{"embeddable":true,"href":"https:\/\/www.universalgym.sk\/index.php?rest_route=\/wp\/v2\/media\/889"}],"wp:attachment":[{"href":"https:\/\/www.universalgym.sk\/index.php?rest_route=%2Fwp%2Fv2%2Fmedia&parent=888"}],"wp:term":[{"taxonomy":"product_cat","embeddable":true,"href":"https:\/\/www.universalgym.sk\/index.php?rest_route=%2Fwp%2Fv2%2Fproduct_cat&post=888"},{"taxonomy":"product_tag","embeddable":true,"href":"https:\/\/www.universalgym.sk\/index.php?rest_route=%2Fwp%2Fv2%2Fproduct_tag&post=888"}],"curies":[{"name":"wp","href":"https:\/\/api.w.org\/{rel}","templated":true}]}}