{"id":886,"date":"2023-07-12T16:29:03","date_gmt":"2023-07-12T14:29:03","guid":{"rendered":"https:\/\/www.universalgym.sk\/?post_type=product&#038;p=886"},"modified":"2024-11-28T07:29:55","modified_gmt":"2024-11-28T06:29:55","slug":"orky-shirt-2","status":"publish","type":"product","link":"https:\/\/www.universalgym.sk\/?product=orky-shirt-2","title":{"rendered":"Orky shirt"},"content":{"rendered":"<p>Orky shirt je top tri\u010dko nadizajnovan\u00e9 nik\u00fdm in\u00fdm ako samotn\u00fdm Kubom Orkym v na\u0161om gyme.<\/p>\n<p>Predn\u00fdm n\u00e1pisom d\u00e1\u0161 jasne, ale decentne najavo v akom gyme cvi\u010d\u00ed\u0161. Zadn\u00e9 ve\u013ek\u00e9 logo na chrbte ti zv\u00fdrazn\u00ed tvoje letisko, tvoj chrb\u00e1t ! Tomu ver \ud83d\udd25<\/p>\n","protected":false},"excerpt":{"rendered":"<p>P\u00e1nske biele Bavlnen\u00e9 Tri\u010dko s \u010derven\u00fdm n\u00e1pisom I&#8217;m Universal Gym a \u010derven\u00fdm logom. Kvalitn\u00e9 bavlnen\u00e9 tri\u010dko vhodn\u00e9 pre mu\u017eov aj \u017eeny s vy\u0161\u0161ou gram\u00e1\u017eou 200 g\/m<sup>2<\/sup>.\u00a0Pre v\u00e4\u010d\u0161\u00ed komfort pri nosen\u00ed nem\u00e1 tri\u010dko po bokoch \u0161vy (tubul\u00e1rny strih), gu\u013eat\u00fd priekr\u010dn\u00edk je s pr\u00eddavkom 5 % elastanu a na ramen\u00e1ch je spev\u0148uj\u00faca p\u00e1ska.<\/p>\n","protected":false},"featured_media":877,"comment_status":"open","ping_status":"closed","template":"","meta":{"_mi_skip_tracking":false},"product_cat":[18],"product_tag":[],"yoast_head":"<!-- This site is optimized with the Yoast SEO plugin v20.6 - https:\/\/yoast.com\/wordpress\/plugins\/seo\/ -->\n<title>Orky shirt - Universal gym - Fitko Ko\u0161ice<\/title>\n<meta name=\"description\" content=\"P\u00e1nske \u010dierne Bavlnen\u00e9 Tri\u010dko s n\u00e1pisom Im Universal Gym\" \/>\n<meta name=\"robots\" content=\"index, follow, max-snippet:-1, max-image-preview:large, max-video-preview:-1\" \/>\n<link rel=\"canonical\" href=\"https:\/\/www.universalgym.sk\/?product=orky-shirt-2\" \/>\n<meta property=\"og:locale\" content=\"sk_SK\" \/>\n<meta property=\"og:type\" content=\"article\" \/>\n<meta property=\"og:title\" content=\"Orky shirt - Universal gym - Fitko Ko\u0161ice\" \/>\n<meta property=\"og:description\" content=\"P\u00e1nske \u010dierne Bavlnen\u00e9 Tri\u010dko s n\u00e1pisom Im Universal Gym\" \/>\n<meta property=\"og:url\" content=\"https:\/\/www.universalgym.sk\/?product=orky-shirt-2\" \/>\n<meta property=\"og:site_name\" content=\"Universal gym - Fitko Ko\u0161ice\" \/>\n<meta property=\"article:modified_time\" content=\"2024-11-28T06:29:55+00:00\" \/>\n<meta property=\"og:image\" content=\"https:\/\/www.universalgym.sk\/wp-content\/uploads\/2023\/07\/universal-tshirt-5.jpeg\" \/>\n\t<meta property=\"og:image:width\" content=\"2000\" \/>\n\t<meta property=\"og:image:height\" content=\"2000\" \/>\n\t<meta property=\"og:image:type\" content=\"image\/jpeg\" \/>\n<meta name=\"twitter:card\" content=\"summary_large_image\" \/>\n<meta name=\"twitter:label1\" content=\"Predpokladan\u00fd \u010das \u010d\u00edtania\" \/>\n\t<meta name=\"twitter:data1\" content=\"1 min\u00fata\" \/>\n<script type=\"application\/ld+json\" class=\"yoast-schema-graph\">{\"@context\":\"https:\/\/schema.org\",\"@graph\":[{\"@type\":\"WebPage\",\"@id\":\"https:\/\/www.universalgym.sk\/?product=orky-shirt-2\",\"url\":\"https:\/\/www.universalgym.sk\/?product=orky-shirt-2\",\"name\":\"Orky shirt - Universal gym - Fitko Ko\u0161ice\",\"isPartOf\":{\"@id\":\"https:\/\/www.universalgym.sk\/#website\"},\"datePublished\":\"2023-07-12T14:29:03+00:00\",\"dateModified\":\"2024-11-28T06:29:55+00:00\",\"description\":\"P\u00e1nske \u010dierne Bavlnen\u00e9 Tri\u010dko s n\u00e1pisom Im Universal Gym\",\"breadcrumb\":{\"@id\":\"https:\/\/www.universalgym.sk\/?product=orky-shirt-2#breadcrumb\"},\"inLanguage\":\"sk-SK\",\"potentialAction\":[{\"@type\":\"ReadAction\",\"target\":[\"https:\/\/www.universalgym.sk\/?product=orky-shirt-2\"]}]},{\"@type\":\"BreadcrumbList\",\"@id\":\"https:\/\/www.universalgym.sk\/?product=orky-shirt-2#breadcrumb\",\"itemListElement\":[{\"@type\":\"ListItem\",\"position\":1,\"name\":\"Home\",\"item\":\"https:\/\/www.universalgym.sk\/\"},{\"@type\":\"ListItem\",\"position\":2,\"name\":\"Orky shirt\"}]},{\"@type\":\"WebSite\",\"@id\":\"https:\/\/www.universalgym.sk\/#website\",\"url\":\"https:\/\/www.universalgym.sk\/\",\"name\":\"Universal gym - Fitko Ko\u0161ice\",\"description\":\"Fitnes centrum Ko\u0161ice\",\"publisher\":{\"@id\":\"https:\/\/www.universalgym.sk\/#organization\"},\"potentialAction\":[{\"@type\":\"SearchAction\",\"target\":{\"@type\":\"EntryPoint\",\"urlTemplate\":\"https:\/\/www.universalgym.sk\/?s={search_term_string}\"},\"query-input\":\"required name=search_term_string\"}],\"inLanguage\":\"sk-SK\"},{\"@type\":\"Organization\",\"@id\":\"https:\/\/www.universalgym.sk\/#organization\",\"name\":\"Universal gym - Fitko Ko\u0161ice\",\"url\":\"https:\/\/www.universalgym.sk\/\",\"logo\":{\"@type\":\"ImageObject\",\"inLanguage\":\"sk-SK\",\"@id\":\"https:\/\/www.universalgym.sk\/#\/schema\/logo\/image\/\",\"url\":\"https:\/\/www.universalgym.sk\/wp-content\/uploads\/2023\/05\/unin-log.png\",\"contentUrl\":\"https:\/\/www.universalgym.sk\/wp-content\/uploads\/2023\/05\/unin-log.png\",\"width\":1200,\"height\":1200,\"caption\":\"Universal gym - Fitko Ko\u0161ice\"},\"image\":{\"@id\":\"https:\/\/www.universalgym.sk\/#\/schema\/logo\/image\/\"}}]}<\/script>\n<!-- \/ Yoast SEO plugin. -->","yoast_head_json":{"title":"Orky shirt - Universal gym - Fitko Ko\u0161ice","description":"P\u00e1nske \u010dierne Bavlnen\u00e9 Tri\u010dko s n\u00e1pisom Im Universal Gym","robots":{"index":"index","follow":"follow","max-snippet":"max-snippet:-1","max-image-preview":"max-image-preview:large","max-video-preview":"max-video-preview:-1"},"canonical":"https:\/\/www.universalgym.sk\/?product=orky-shirt-2","og_locale":"sk_SK","og_type":"article","og_title":"Orky shirt - Universal gym - Fitko Ko\u0161ice","og_description":"P\u00e1nske \u010dierne Bavlnen\u00e9 Tri\u010dko s n\u00e1pisom Im Universal Gym","og_url":"https:\/\/www.universalgym.sk\/?product=orky-shirt-2","og_site_name":"Universal gym - Fitko Ko\u0161ice","article_modified_time":"2024-11-28T06:29:55+00:00","og_image":[{"width":2000,"height":2000,"url":"https:\/\/www.universalgym.sk\/wp-content\/uploads\/2023\/07\/universal-tshirt-5.jpeg","type":"image\/jpeg"}],"twitter_card":"summary_large_image","twitter_misc":{"Predpokladan\u00fd \u010das \u010d\u00edtania":"1 min\u00fata"},"schema":{"@context":"https:\/\/schema.org","@graph":[{"@type":"WebPage","@id":"https:\/\/www.universalgym.sk\/?product=orky-shirt-2","url":"https:\/\/www.universalgym.sk\/?product=orky-shirt-2","name":"Orky shirt - Universal gym - Fitko Ko\u0161ice","isPartOf":{"@id":"https:\/\/www.universalgym.sk\/#website"},"datePublished":"2023-07-12T14:29:03+00:00","dateModified":"2024-11-28T06:29:55+00:00","description":"P\u00e1nske \u010dierne Bavlnen\u00e9 Tri\u010dko s n\u00e1pisom Im Universal Gym","breadcrumb":{"@id":"https:\/\/www.universalgym.sk\/?product=orky-shirt-2#breadcrumb"},"inLanguage":"sk-SK","potentialAction":[{"@type":"ReadAction","target":["https:\/\/www.universalgym.sk\/?product=orky-shirt-2"]}]},{"@type":"BreadcrumbList","@id":"https:\/\/www.universalgym.sk\/?product=orky-shirt-2#breadcrumb","itemListElement":[{"@type":"ListItem","position":1,"name":"Home","item":"https:\/\/www.universalgym.sk\/"},{"@type":"ListItem","position":2,"name":"Orky shirt"}]},{"@type":"WebSite","@id":"https:\/\/www.universalgym.sk\/#website","url":"https:\/\/www.universalgym.sk\/","name":"Universal gym - Fitko Ko\u0161ice","description":"Fitnes centrum Ko\u0161ice","publisher":{"@id":"https:\/\/www.universalgym.sk\/#organization"},"potentialAction":[{"@type":"SearchAction","target":{"@type":"EntryPoint","urlTemplate":"https:\/\/www.universalgym.sk\/?s={search_term_string}"},"query-input":"required name=search_term_string"}],"inLanguage":"sk-SK"},{"@type":"Organization","@id":"https:\/\/www.universalgym.sk\/#organization","name":"Universal gym - Fitko Ko\u0161ice","url":"https:\/\/www.universalgym.sk\/","logo":{"@type":"ImageObject","inLanguage":"sk-SK","@id":"https:\/\/www.universalgym.sk\/#\/schema\/logo\/image\/","url":"https:\/\/www.universalgym.sk\/wp-content\/uploads\/2023\/05\/unin-log.png","contentUrl":"https:\/\/www.universalgym.sk\/wp-content\/uploads\/2023\/05\/unin-log.png","width":1200,"height":1200,"caption":"Universal gym - Fitko Ko\u0161ice"},"image":{"@id":"https:\/\/www.universalgym.sk\/#\/schema\/logo\/image\/"}}]}},"_links":{"self":[{"href":"https:\/\/www.universalgym.sk\/index.php?rest_route=\/wp\/v2\/product\/886"}],"collection":[{"href":"https:\/\/www.universalgym.sk\/index.php?rest_route=\/wp\/v2\/product"}],"about":[{"href":"https:\/\/www.universalgym.sk\/index.php?rest_route=\/wp\/v2\/types\/product"}],"replies":[{"embeddable":true,"href":"https:\/\/www.universalgym.sk\/index.php?rest_route=%2Fwp%2Fv2%2Fcomments&post=886"}],"wp:featuredmedia":[{"embeddable":true,"href":"https:\/\/www.universalgym.sk\/index.php?rest_route=\/wp\/v2\/media\/877"}],"wp:attachment":[{"href":"https:\/\/www.universalgym.sk\/index.php?rest_route=%2Fwp%2Fv2%2Fmedia&parent=886"}],"wp:term":[{"taxonomy":"product_cat","embeddable":true,"href":"https:\/\/www.universalgym.sk\/index.php?rest_route=%2Fwp%2Fv2%2Fproduct_cat&post=886"},{"taxonomy":"product_tag","embeddable":true,"href":"https:\/\/www.universalgym.sk\/index.php?rest_route=%2Fwp%2Fv2%2Fproduct_tag&post=886"}],"curies":[{"name":"wp","href":"https:\/\/api.w.org\/{rel}","templated":true}]}}