{"id":720,"date":"2023-06-13T13:49:08","date_gmt":"2023-06-13T11:49:08","guid":{"rendered":"https:\/\/www.universalgym.sk\/?post_type=product&#038;p=720"},"modified":"2024-11-28T07:27:17","modified_gmt":"2024-11-28T06:27:17","slug":"tricko-im-universal","status":"publish","type":"product","link":"https:\/\/www.universalgym.sk\/?product=tricko-im-universal","title":{"rendered":"I&#8217;m Universal"},"content":{"rendered":"<p>Uk\u00e1\u017e ka\u017ed\u00e9mu, kde cvi\u010d\u00ed\u0161, do ak\u00e9ho t\u00edmu, do akej komunity, do ak\u00e9ho gymu patr\u00ed\u0161. Bu\u010f aj ty jedn\u00fdm z n\u00e1s, ktor\u00ed hrdo nosia svoj gym v\u0161ade so sebou \u2764\ufe0f<\/p>\n<p>P\u00e1nske Bavlnen\u00e9 Tri\u010dko s ve\u013ek\u00fdm n\u00e1pisom vzadu I&#8217;m Universal Gym a \u010derven\u00fdm logom v predu.<\/p>\n","protected":false},"excerpt":{"rendered":"<p>P\u00e1nske \u010dierne Bavlnen\u00e9 Tri\u010dko s \u010derven\u00fdm n\u00e1pisom I&#8217;m Universal Gym a \u010derven\u00fdm logom<\/p>\n","protected":false},"featured_media":722,"comment_status":"open","ping_status":"closed","template":"","meta":{"_mi_skip_tracking":false},"product_cat":[18],"product_tag":[],"yoast_head":"<!-- This site is optimized with the Yoast SEO plugin v20.6 - https:\/\/yoast.com\/wordpress\/plugins\/seo\/ -->\n<title>I&#039;m Universal - Universal gym - Fitko Ko\u0161ice<\/title>\n<meta name=\"description\" content=\"P\u00e1nske \u010dierne Bavlnen\u00e9 Tri\u010dko s n\u00e1pisom Im Universal Gym\" \/>\n<meta name=\"robots\" content=\"index, follow, max-snippet:-1, max-image-preview:large, max-video-preview:-1\" \/>\n<link rel=\"canonical\" href=\"https:\/\/www.universalgym.sk\/?product=tricko-im-universal\" \/>\n<meta property=\"og:locale\" content=\"sk_SK\" \/>\n<meta property=\"og:type\" content=\"article\" \/>\n<meta property=\"og:title\" content=\"I&#039;m Universal - Universal gym - Fitko Ko\u0161ice\" \/>\n<meta property=\"og:description\" content=\"P\u00e1nske \u010dierne Bavlnen\u00e9 Tri\u010dko s n\u00e1pisom Im Universal Gym\" \/>\n<meta property=\"og:url\" content=\"https:\/\/www.universalgym.sk\/?product=tricko-im-universal\" \/>\n<meta property=\"og:site_name\" content=\"Universal gym - Fitko Ko\u0161ice\" \/>\n<meta property=\"article:modified_time\" content=\"2024-11-28T06:27:17+00:00\" \/>\n<meta property=\"og:image\" content=\"https:\/\/www.universalgym.sk\/wp-content\/uploads\/2023\/06\/2-1.jpg\" \/>\n\t<meta property=\"og:image:width\" content=\"2000\" \/>\n\t<meta property=\"og:image:height\" content=\"2000\" \/>\n\t<meta property=\"og:image:type\" content=\"image\/jpeg\" \/>\n<meta name=\"twitter:card\" content=\"summary_large_image\" \/>\n<meta name=\"twitter:label1\" content=\"Predpokladan\u00fd \u010das \u010d\u00edtania\" \/>\n\t<meta name=\"twitter:data1\" content=\"1 min\u00fata\" \/>\n<script type=\"application\/ld+json\" class=\"yoast-schema-graph\">{\"@context\":\"https:\/\/schema.org\",\"@graph\":[{\"@type\":\"WebPage\",\"@id\":\"https:\/\/www.universalgym.sk\/?product=tricko-im-universal\",\"url\":\"https:\/\/www.universalgym.sk\/?product=tricko-im-universal\",\"name\":\"I'm Universal - Universal gym - Fitko Ko\u0161ice\",\"isPartOf\":{\"@id\":\"https:\/\/www.universalgym.sk\/#website\"},\"datePublished\":\"2023-06-13T11:49:08+00:00\",\"dateModified\":\"2024-11-28T06:27:17+00:00\",\"description\":\"P\u00e1nske \u010dierne Bavlnen\u00e9 Tri\u010dko s n\u00e1pisom Im Universal Gym\",\"breadcrumb\":{\"@id\":\"https:\/\/www.universalgym.sk\/?product=tricko-im-universal#breadcrumb\"},\"inLanguage\":\"sk-SK\",\"potentialAction\":[{\"@type\":\"ReadAction\",\"target\":[\"https:\/\/www.universalgym.sk\/?product=tricko-im-universal\"]}]},{\"@type\":\"BreadcrumbList\",\"@id\":\"https:\/\/www.universalgym.sk\/?product=tricko-im-universal#breadcrumb\",\"itemListElement\":[{\"@type\":\"ListItem\",\"position\":1,\"name\":\"Home\",\"item\":\"https:\/\/www.universalgym.sk\/\"},{\"@type\":\"ListItem\",\"position\":2,\"name\":\"I&#8217;m Universal\"}]},{\"@type\":\"WebSite\",\"@id\":\"https:\/\/www.universalgym.sk\/#website\",\"url\":\"https:\/\/www.universalgym.sk\/\",\"name\":\"Universal gym - Fitko Ko\u0161ice\",\"description\":\"Fitnes centrum Ko\u0161ice\",\"publisher\":{\"@id\":\"https:\/\/www.universalgym.sk\/#organization\"},\"potentialAction\":[{\"@type\":\"SearchAction\",\"target\":{\"@type\":\"EntryPoint\",\"urlTemplate\":\"https:\/\/www.universalgym.sk\/?s={search_term_string}\"},\"query-input\":\"required name=search_term_string\"}],\"inLanguage\":\"sk-SK\"},{\"@type\":\"Organization\",\"@id\":\"https:\/\/www.universalgym.sk\/#organization\",\"name\":\"Universal gym - Fitko Ko\u0161ice\",\"url\":\"https:\/\/www.universalgym.sk\/\",\"logo\":{\"@type\":\"ImageObject\",\"inLanguage\":\"sk-SK\",\"@id\":\"https:\/\/www.universalgym.sk\/#\/schema\/logo\/image\/\",\"url\":\"https:\/\/www.universalgym.sk\/wp-content\/uploads\/2023\/05\/unin-log.png\",\"contentUrl\":\"https:\/\/www.universalgym.sk\/wp-content\/uploads\/2023\/05\/unin-log.png\",\"width\":1200,\"height\":1200,\"caption\":\"Universal gym - Fitko Ko\u0161ice\"},\"image\":{\"@id\":\"https:\/\/www.universalgym.sk\/#\/schema\/logo\/image\/\"}}]}<\/script>\n<!-- \/ Yoast SEO plugin. -->","yoast_head_json":{"title":"I'm Universal - Universal gym - Fitko Ko\u0161ice","description":"P\u00e1nske \u010dierne Bavlnen\u00e9 Tri\u010dko s n\u00e1pisom Im Universal Gym","robots":{"index":"index","follow":"follow","max-snippet":"max-snippet:-1","max-image-preview":"max-image-preview:large","max-video-preview":"max-video-preview:-1"},"canonical":"https:\/\/www.universalgym.sk\/?product=tricko-im-universal","og_locale":"sk_SK","og_type":"article","og_title":"I'm Universal - Universal gym - Fitko Ko\u0161ice","og_description":"P\u00e1nske \u010dierne Bavlnen\u00e9 Tri\u010dko s n\u00e1pisom Im Universal Gym","og_url":"https:\/\/www.universalgym.sk\/?product=tricko-im-universal","og_site_name":"Universal gym - Fitko Ko\u0161ice","article_modified_time":"2024-11-28T06:27:17+00:00","og_image":[{"width":2000,"height":2000,"url":"https:\/\/www.universalgym.sk\/wp-content\/uploads\/2023\/06\/2-1.jpg","type":"image\/jpeg"}],"twitter_card":"summary_large_image","twitter_misc":{"Predpokladan\u00fd \u010das \u010d\u00edtania":"1 min\u00fata"},"schema":{"@context":"https:\/\/schema.org","@graph":[{"@type":"WebPage","@id":"https:\/\/www.universalgym.sk\/?product=tricko-im-universal","url":"https:\/\/www.universalgym.sk\/?product=tricko-im-universal","name":"I'm Universal - Universal gym - Fitko Ko\u0161ice","isPartOf":{"@id":"https:\/\/www.universalgym.sk\/#website"},"datePublished":"2023-06-13T11:49:08+00:00","dateModified":"2024-11-28T06:27:17+00:00","description":"P\u00e1nske \u010dierne Bavlnen\u00e9 Tri\u010dko s n\u00e1pisom Im Universal Gym","breadcrumb":{"@id":"https:\/\/www.universalgym.sk\/?product=tricko-im-universal#breadcrumb"},"inLanguage":"sk-SK","potentialAction":[{"@type":"ReadAction","target":["https:\/\/www.universalgym.sk\/?product=tricko-im-universal"]}]},{"@type":"BreadcrumbList","@id":"https:\/\/www.universalgym.sk\/?product=tricko-im-universal#breadcrumb","itemListElement":[{"@type":"ListItem","position":1,"name":"Home","item":"https:\/\/www.universalgym.sk\/"},{"@type":"ListItem","position":2,"name":"I&#8217;m Universal"}]},{"@type":"WebSite","@id":"https:\/\/www.universalgym.sk\/#website","url":"https:\/\/www.universalgym.sk\/","name":"Universal gym - Fitko Ko\u0161ice","description":"Fitnes centrum Ko\u0161ice","publisher":{"@id":"https:\/\/www.universalgym.sk\/#organization"},"potentialAction":[{"@type":"SearchAction","target":{"@type":"EntryPoint","urlTemplate":"https:\/\/www.universalgym.sk\/?s={search_term_string}"},"query-input":"required name=search_term_string"}],"inLanguage":"sk-SK"},{"@type":"Organization","@id":"https:\/\/www.universalgym.sk\/#organization","name":"Universal gym - Fitko Ko\u0161ice","url":"https:\/\/www.universalgym.sk\/","logo":{"@type":"ImageObject","inLanguage":"sk-SK","@id":"https:\/\/www.universalgym.sk\/#\/schema\/logo\/image\/","url":"https:\/\/www.universalgym.sk\/wp-content\/uploads\/2023\/05\/unin-log.png","contentUrl":"https:\/\/www.universalgym.sk\/wp-content\/uploads\/2023\/05\/unin-log.png","width":1200,"height":1200,"caption":"Universal gym - Fitko Ko\u0161ice"},"image":{"@id":"https:\/\/www.universalgym.sk\/#\/schema\/logo\/image\/"}}]}},"_links":{"self":[{"href":"https:\/\/www.universalgym.sk\/index.php?rest_route=\/wp\/v2\/product\/720"}],"collection":[{"href":"https:\/\/www.universalgym.sk\/index.php?rest_route=\/wp\/v2\/product"}],"about":[{"href":"https:\/\/www.universalgym.sk\/index.php?rest_route=\/wp\/v2\/types\/product"}],"replies":[{"embeddable":true,"href":"https:\/\/www.universalgym.sk\/index.php?rest_route=%2Fwp%2Fv2%2Fcomments&post=720"}],"wp:featuredmedia":[{"embeddable":true,"href":"https:\/\/www.universalgym.sk\/index.php?rest_route=\/wp\/v2\/media\/722"}],"wp:attachment":[{"href":"https:\/\/www.universalgym.sk\/index.php?rest_route=%2Fwp%2Fv2%2Fmedia&parent=720"}],"wp:term":[{"taxonomy":"product_cat","embeddable":true,"href":"https:\/\/www.universalgym.sk\/index.php?rest_route=%2Fwp%2Fv2%2Fproduct_cat&post=720"},{"taxonomy":"product_tag","embeddable":true,"href":"https:\/\/www.universalgym.sk\/index.php?rest_route=%2Fwp%2Fv2%2Fproduct_tag&post=720"}],"curies":[{"name":"wp","href":"https:\/\/api.w.org\/{rel}","templated":true}]}}