{"id":1234,"date":"2024-11-27T13:48:17","date_gmt":"2024-11-27T12:48:17","guid":{"rendered":"https:\/\/www.universalgym.sk\/?post_type=product&#038;p=1234"},"modified":"2024-11-28T07:25:55","modified_gmt":"2024-11-28T06:25:55","slug":"darcekovy-poukaz-1-mesiac-neobmedzene-osobne-treningy-2-3-2","status":"publish","type":"product","link":"https:\/\/www.universalgym.sk\/?product=darcekovy-poukaz-1-mesiac-neobmedzene-osobne-treningy-2-3-2","title":{"rendered":"Dar\u010dekov\u00fd poukaz, cvi\u010denie s tr\u00e9nerom"},"content":{"rendered":"<p>Pote\u0161 svojho bl\u00edzkeho alebbo s\u00e1m seba a daruj dar\u010dekov\u00fd poukaz, tr\u00e9nigy pod veden\u00edm osobn\u00e9ho fitness tr\u00e9nera.<\/p>\n<p>Na v\u00fdber m\u00e1\u0161:<\/p>\n<p>1 mesiac<\/p>\n<p>3 mesiace<\/p>\n<p>6 mesiacov<\/p>\n<p>10 tr\u00e9ningov<\/p>\n<p>\u0160tart tr\u00e9ningov si obdarovan\u00fd dohodne s\u00e1m s tr\u00e9nerom. Platnos\u0165 poukazu je 60 dn\u00ed od zak\u00fapenia.<\/p>\n<p>\u010cas tr\u00e9ningov si obdarovan\u00fd ur\u010duje s\u00e1m po dohode s tr\u00e9nerom, na v\u00fdber s\u00fa \u010dasy po\u010das cel\u00e9ho d\u0148a.<\/p>\n<p>Dar\u010dekov\u00fd poukaz je mo\u017en\u00e9 vyzdvihn\u00fa\u0165 u n\u00e1s vo fitness centre alebo V\u00e1m pr\u00edde do mailu s unik\u00e1tnym k\u00f3dom platn\u00fdm len pre v\u00e1s.<\/p>\n<p>Dar\u010dekov\u00fd poukaz je prenosn\u00fd<\/p>\n<p>V cene nie je zahrnut\u00fd vstup do fitness centra.<\/p>\n","protected":false},"excerpt":{"rendered":"<p>Pote\u0161 svojho bl\u00edzkeho a daruj mu dar\u010dekov\u00fd poukaz, tr\u00e9nigy pod veden\u00edm osobn\u00e9ho fitness tr\u00e9nera.<\/p>\n<p>&#8211; 10 tr\u00e9ningov + jed\u00e1lni\u010dek<\/p>\n<p>\u0160tart tr\u00e9ningov si obdarovan\u00fd dohodne s\u00e1m s tr\u00e9nerom. Platnos\u0165 poukazu je do 31.3.2024.<\/p>\n<p>\u010cas tr\u00e9ningov si obdarovan\u00fd ur\u010duje s\u00e1m po dohode s tr\u00e9nerom, na v\u00fdber s\u00fa \u010dasy po\u010das cel\u00e9ho d\u0148a.<\/p>\n<p>Dar\u010dekov\u00fd poukaz V\u00e1m pr\u00edde do mailu s unik\u00e1tnym k\u00f3dom platn\u00fdm len pre v\u00e1s. Po dohode je mo\u017en\u00e9 ho aj vytla\u010di\u0165 a vyzdvihn\u00fa\u0165 si ho u n\u00e1s vo fitness centre.<\/p>\n<p>Dar\u010dekov\u00fd poukaz je prenosn\u00fd<\/p>\n<p>V cene nie je zahrnut\u00fd vstup do fitness centra.<\/p>\n","protected":false},"featured_media":1241,"comment_status":"open","ping_status":"closed","template":"","meta":{"_mi_skip_tracking":false},"product_cat":[24,16,28],"product_tag":[26,25,27],"yoast_head":"<!-- This site is optimized with the Yoast SEO plugin v20.6 - https:\/\/yoast.com\/wordpress\/plugins\/seo\/ -->\n<title>Dar\u010dekov\u00fd poukaz, cvi\u010denie s tr\u00e9nerom - Universal gym - Fitko Ko\u0161ice<\/title>\n<meta name=\"robots\" content=\"index, follow, max-snippet:-1, max-image-preview:large, max-video-preview:-1\" \/>\n<link rel=\"canonical\" href=\"https:\/\/www.universalgym.sk\/?product=darcekovy-poukaz-1-mesiac-neobmedzene-osobne-treningy-2-3-2\" \/>\n<meta property=\"og:locale\" content=\"sk_SK\" \/>\n<meta property=\"og:type\" content=\"article\" \/>\n<meta property=\"og:title\" content=\"Dar\u010dekov\u00fd poukaz, cvi\u010denie s tr\u00e9nerom - Universal gym - Fitko Ko\u0161ice\" \/>\n<meta property=\"og:description\" content=\"Pote\u0161 svojho bl\u00edzkeho a daruj mu dar\u010dekov\u00fd poukaz, tr\u00e9nigy pod veden\u00edm osobn\u00e9ho fitness tr\u00e9nera.  - 10 tr\u00e9ningov + jed\u00e1lni\u010dek  \u0160tart tr\u00e9ningov si obdarovan\u00fd dohodne s\u00e1m s tr\u00e9nerom. Platnos\u0165 poukazu je do 31.3.2024.  \u010cas tr\u00e9ningov si obdarovan\u00fd ur\u010duje s\u00e1m po dohode s tr\u00e9nerom, na v\u00fdber s\u00fa \u010dasy po\u010das cel\u00e9ho d\u0148a.  Dar\u010dekov\u00fd poukaz V\u00e1m pr\u00edde do mailu s unik\u00e1tnym k\u00f3dom platn\u00fdm len pre v\u00e1s. Po dohode je mo\u017en\u00e9 ho aj vytla\u010di\u0165 a vyzdvihn\u00fa\u0165 si ho u n\u00e1s vo fitness centre.  Dar\u010dekov\u00fd poukaz je prenosn\u00fd  V cene nie je zahrnut\u00fd vstup do fitness centra.\" \/>\n<meta property=\"og:url\" content=\"https:\/\/www.universalgym.sk\/?product=darcekovy-poukaz-1-mesiac-neobmedzene-osobne-treningy-2-3-2\" \/>\n<meta property=\"og:site_name\" content=\"Universal gym - Fitko Ko\u0161ice\" \/>\n<meta property=\"article:modified_time\" content=\"2024-11-28T06:25:55+00:00\" \/>\n<meta property=\"og:image\" content=\"https:\/\/www.universalgym.sk\/wp-content\/uploads\/2024\/11\/universal.zip-3-1.jpeg\" \/>\n\t<meta property=\"og:image:width\" content=\"1230\" \/>\n\t<meta property=\"og:image:height\" content=\"693\" \/>\n\t<meta property=\"og:image:type\" content=\"image\/jpeg\" \/>\n<meta name=\"twitter:card\" content=\"summary_large_image\" \/>\n<meta name=\"twitter:label1\" content=\"Predpokladan\u00fd \u010das \u010d\u00edtania\" \/>\n\t<meta name=\"twitter:data1\" content=\"1 min\u00fata\" \/>\n<script type=\"application\/ld+json\" class=\"yoast-schema-graph\">{\"@context\":\"https:\/\/schema.org\",\"@graph\":[{\"@type\":\"WebPage\",\"@id\":\"https:\/\/www.universalgym.sk\/?product=darcekovy-poukaz-1-mesiac-neobmedzene-osobne-treningy-2-3-2\",\"url\":\"https:\/\/www.universalgym.sk\/?product=darcekovy-poukaz-1-mesiac-neobmedzene-osobne-treningy-2-3-2\",\"name\":\"Dar\u010dekov\u00fd poukaz, cvi\u010denie s tr\u00e9nerom - Universal gym - Fitko Ko\u0161ice\",\"isPartOf\":{\"@id\":\"https:\/\/www.universalgym.sk\/#website\"},\"datePublished\":\"2024-11-27T12:48:17+00:00\",\"dateModified\":\"2024-11-28T06:25:55+00:00\",\"breadcrumb\":{\"@id\":\"https:\/\/www.universalgym.sk\/?product=darcekovy-poukaz-1-mesiac-neobmedzene-osobne-treningy-2-3-2#breadcrumb\"},\"inLanguage\":\"sk-SK\",\"potentialAction\":[{\"@type\":\"ReadAction\",\"target\":[\"https:\/\/www.universalgym.sk\/?product=darcekovy-poukaz-1-mesiac-neobmedzene-osobne-treningy-2-3-2\"]}]},{\"@type\":\"BreadcrumbList\",\"@id\":\"https:\/\/www.universalgym.sk\/?product=darcekovy-poukaz-1-mesiac-neobmedzene-osobne-treningy-2-3-2#breadcrumb\",\"itemListElement\":[{\"@type\":\"ListItem\",\"position\":1,\"name\":\"Home\",\"item\":\"https:\/\/www.universalgym.sk\/\"},{\"@type\":\"ListItem\",\"position\":2,\"name\":\"Dar\u010dekov\u00fd poukaz, cvi\u010denie s tr\u00e9nerom\"}]},{\"@type\":\"WebSite\",\"@id\":\"https:\/\/www.universalgym.sk\/#website\",\"url\":\"https:\/\/www.universalgym.sk\/\",\"name\":\"Universal gym - Fitko Ko\u0161ice\",\"description\":\"Fitnes centrum Ko\u0161ice\",\"publisher\":{\"@id\":\"https:\/\/www.universalgym.sk\/#organization\"},\"potentialAction\":[{\"@type\":\"SearchAction\",\"target\":{\"@type\":\"EntryPoint\",\"urlTemplate\":\"https:\/\/www.universalgym.sk\/?s={search_term_string}\"},\"query-input\":\"required name=search_term_string\"}],\"inLanguage\":\"sk-SK\"},{\"@type\":\"Organization\",\"@id\":\"https:\/\/www.universalgym.sk\/#organization\",\"name\":\"Universal gym - Fitko Ko\u0161ice\",\"url\":\"https:\/\/www.universalgym.sk\/\",\"logo\":{\"@type\":\"ImageObject\",\"inLanguage\":\"sk-SK\",\"@id\":\"https:\/\/www.universalgym.sk\/#\/schema\/logo\/image\/\",\"url\":\"https:\/\/www.universalgym.sk\/wp-content\/uploads\/2023\/05\/unin-log.png\",\"contentUrl\":\"https:\/\/www.universalgym.sk\/wp-content\/uploads\/2023\/05\/unin-log.png\",\"width\":1200,\"height\":1200,\"caption\":\"Universal gym - Fitko Ko\u0161ice\"},\"image\":{\"@id\":\"https:\/\/www.universalgym.sk\/#\/schema\/logo\/image\/\"}}]}<\/script>\n<!-- \/ Yoast SEO plugin. -->","yoast_head_json":{"title":"Dar\u010dekov\u00fd poukaz, cvi\u010denie s tr\u00e9nerom - Universal gym - Fitko Ko\u0161ice","robots":{"index":"index","follow":"follow","max-snippet":"max-snippet:-1","max-image-preview":"max-image-preview:large","max-video-preview":"max-video-preview:-1"},"canonical":"https:\/\/www.universalgym.sk\/?product=darcekovy-poukaz-1-mesiac-neobmedzene-osobne-treningy-2-3-2","og_locale":"sk_SK","og_type":"article","og_title":"Dar\u010dekov\u00fd poukaz, cvi\u010denie s tr\u00e9nerom - Universal gym - Fitko Ko\u0161ice","og_description":"Pote\u0161 svojho bl\u00edzkeho a daruj mu dar\u010dekov\u00fd poukaz, tr\u00e9nigy pod veden\u00edm osobn\u00e9ho fitness tr\u00e9nera.  - 10 tr\u00e9ningov + jed\u00e1lni\u010dek  \u0160tart tr\u00e9ningov si obdarovan\u00fd dohodne s\u00e1m s tr\u00e9nerom. Platnos\u0165 poukazu je do 31.3.2024.  \u010cas tr\u00e9ningov si obdarovan\u00fd ur\u010duje s\u00e1m po dohode s tr\u00e9nerom, na v\u00fdber s\u00fa \u010dasy po\u010das cel\u00e9ho d\u0148a.  Dar\u010dekov\u00fd poukaz V\u00e1m pr\u00edde do mailu s unik\u00e1tnym k\u00f3dom platn\u00fdm len pre v\u00e1s. Po dohode je mo\u017en\u00e9 ho aj vytla\u010di\u0165 a vyzdvihn\u00fa\u0165 si ho u n\u00e1s vo fitness centre.  Dar\u010dekov\u00fd poukaz je prenosn\u00fd  V cene nie je zahrnut\u00fd vstup do fitness centra.","og_url":"https:\/\/www.universalgym.sk\/?product=darcekovy-poukaz-1-mesiac-neobmedzene-osobne-treningy-2-3-2","og_site_name":"Universal gym - Fitko Ko\u0161ice","article_modified_time":"2024-11-28T06:25:55+00:00","og_image":[{"width":1230,"height":693,"url":"https:\/\/www.universalgym.sk\/wp-content\/uploads\/2024\/11\/universal.zip-3-1.jpeg","type":"image\/jpeg"}],"twitter_card":"summary_large_image","twitter_misc":{"Predpokladan\u00fd \u010das \u010d\u00edtania":"1 min\u00fata"},"schema":{"@context":"https:\/\/schema.org","@graph":[{"@type":"WebPage","@id":"https:\/\/www.universalgym.sk\/?product=darcekovy-poukaz-1-mesiac-neobmedzene-osobne-treningy-2-3-2","url":"https:\/\/www.universalgym.sk\/?product=darcekovy-poukaz-1-mesiac-neobmedzene-osobne-treningy-2-3-2","name":"Dar\u010dekov\u00fd poukaz, cvi\u010denie s tr\u00e9nerom - Universal gym - Fitko Ko\u0161ice","isPartOf":{"@id":"https:\/\/www.universalgym.sk\/#website"},"datePublished":"2024-11-27T12:48:17+00:00","dateModified":"2024-11-28T06:25:55+00:00","breadcrumb":{"@id":"https:\/\/www.universalgym.sk\/?product=darcekovy-poukaz-1-mesiac-neobmedzene-osobne-treningy-2-3-2#breadcrumb"},"inLanguage":"sk-SK","potentialAction":[{"@type":"ReadAction","target":["https:\/\/www.universalgym.sk\/?product=darcekovy-poukaz-1-mesiac-neobmedzene-osobne-treningy-2-3-2"]}]},{"@type":"BreadcrumbList","@id":"https:\/\/www.universalgym.sk\/?product=darcekovy-poukaz-1-mesiac-neobmedzene-osobne-treningy-2-3-2#breadcrumb","itemListElement":[{"@type":"ListItem","position":1,"name":"Home","item":"https:\/\/www.universalgym.sk\/"},{"@type":"ListItem","position":2,"name":"Dar\u010dekov\u00fd poukaz, cvi\u010denie s tr\u00e9nerom"}]},{"@type":"WebSite","@id":"https:\/\/www.universalgym.sk\/#website","url":"https:\/\/www.universalgym.sk\/","name":"Universal gym - Fitko Ko\u0161ice","description":"Fitnes centrum Ko\u0161ice","publisher":{"@id":"https:\/\/www.universalgym.sk\/#organization"},"potentialAction":[{"@type":"SearchAction","target":{"@type":"EntryPoint","urlTemplate":"https:\/\/www.universalgym.sk\/?s={search_term_string}"},"query-input":"required name=search_term_string"}],"inLanguage":"sk-SK"},{"@type":"Organization","@id":"https:\/\/www.universalgym.sk\/#organization","name":"Universal gym - Fitko Ko\u0161ice","url":"https:\/\/www.universalgym.sk\/","logo":{"@type":"ImageObject","inLanguage":"sk-SK","@id":"https:\/\/www.universalgym.sk\/#\/schema\/logo\/image\/","url":"https:\/\/www.universalgym.sk\/wp-content\/uploads\/2023\/05\/unin-log.png","contentUrl":"https:\/\/www.universalgym.sk\/wp-content\/uploads\/2023\/05\/unin-log.png","width":1200,"height":1200,"caption":"Universal gym - Fitko Ko\u0161ice"},"image":{"@id":"https:\/\/www.universalgym.sk\/#\/schema\/logo\/image\/"}}]}},"_links":{"self":[{"href":"https:\/\/www.universalgym.sk\/index.php?rest_route=\/wp\/v2\/product\/1234"}],"collection":[{"href":"https:\/\/www.universalgym.sk\/index.php?rest_route=\/wp\/v2\/product"}],"about":[{"href":"https:\/\/www.universalgym.sk\/index.php?rest_route=\/wp\/v2\/types\/product"}],"replies":[{"embeddable":true,"href":"https:\/\/www.universalgym.sk\/index.php?rest_route=%2Fwp%2Fv2%2Fcomments&post=1234"}],"wp:featuredmedia":[{"embeddable":true,"href":"https:\/\/www.universalgym.sk\/index.php?rest_route=\/wp\/v2\/media\/1241"}],"wp:attachment":[{"href":"https:\/\/www.universalgym.sk\/index.php?rest_route=%2Fwp%2Fv2%2Fmedia&parent=1234"}],"wp:term":[{"taxonomy":"product_cat","embeddable":true,"href":"https:\/\/www.universalgym.sk\/index.php?rest_route=%2Fwp%2Fv2%2Fproduct_cat&post=1234"},{"taxonomy":"product_tag","embeddable":true,"href":"https:\/\/www.universalgym.sk\/index.php?rest_route=%2Fwp%2Fv2%2Fproduct_tag&post=1234"}],"curies":[{"name":"wp","href":"https:\/\/api.w.org\/{rel}","templated":true}]}}